{"id":132,"date":"2023-10-30T18:32:34","date_gmt":"2023-10-30T18:32:34","guid":{"rendered":"https:\/\/efoesztarnai.hu\/?page_id=132"},"modified":"2023-11-05T16:19:27","modified_gmt":"2023-11-05T16:19:27","slug":"kapcsolat","status":"publish","type":"page","link":"https:\/\/efoesztarnai.hu\/?page_id=132","title":{"rendered":"Kapcsolat"},"content":{"rendered":"\t\t<div data-elementor-type=\"wp-page\" data-elementor-id=\"132\" class=\"elementor elementor-132\" data-elementor-post-type=\"page\">\n\t\t\t\t<div class=\"elementor-element elementor-element-c72c182 e-flex e-con-boxed e-con e-parent\" data-id=\"c72c182\" data-element_type=\"container\">\n\t\t\t\t\t<div class=\"e-con-inner\">\n\t\t\t\t<div class=\"elementor-element elementor-element-1ce96a3 elementor-widget elementor-widget-text-editor\" data-id=\"1ce96a3\" data-element_type=\"widget\" data-widget_type=\"text-editor.default\">\n\t\t\t\t<div class=\"elementor-widget-container\">\n\t\t\t\t\t\t\t\t\t<h4><img fetchpriority=\"high\" decoding=\"async\" class=\"size-medium wp-image-348 aligncenter\" src=\"https:\/\/efoesztarnai.hu\/wp-content\/uploads\/2023\/11\/cropped-cropped-Kp3-150x150-1-300x300.png\" alt=\"\" width=\"300\" height=\"300\" \/><\/h4><h2 style=\"text-align: center;\"><span style=\"color: #808000;\"><strong>\u00daJ \u00c9FO\u00c9SZ Tarnai Ott\u00f3 Egyes\u00fclet<\/strong><\/span><\/h2><h4 style=\"text-align: center;\"><span style=\"color: #000000;\">4400 Ny\u00edregyh\u00e1za, \u00daj u. 29 2\/1<\/span><\/h4><h4><span style=\"color: #000000;\">Eln\u00f6k: Tarnai Ott\u00f3n\u00e9<\/span><\/h4><h4><span style=\"color: #000000;\">Titk\u00e1r: Maczurka Istv\u00e1nn\u00e9<\/span><\/h4><h4 style=\"text-align: center;\"><span style=\"color: #000000;\">Iroda: 4400 Ny\u00edregyh\u00e1za B\u00faza t\u00e9r 20. Fsz. 3.<\/span><\/h4><p><img decoding=\"async\" class=\"size-medium wp-image-393 aligncenter\" src=\"https:\/\/efoesztarnai.hu\/wp-content\/uploads\/2023\/11\/buzater-300x220.jpg\" alt=\"\" width=\"300\" height=\"220\" \/><\/p><h4><span style=\"color: #000000;\"><img decoding=\"async\" class=\"alignnone wp-image-392\" src=\"https:\/\/efoesztarnai.hu\/wp-content\/uploads\/2023\/11\/images-150x150-1.png\" alt=\"\" width=\"50\" height=\"50\" \/> +3620 235 6033<\/span><\/h4><h4><span style=\"color: #000000;\"><img loading=\"lazy\" decoding=\"async\" class=\"alignnone wp-image-391\" src=\"https:\/\/efoesztarnai.hu\/wp-content\/uploads\/2023\/11\/email-150x150-1.png\" alt=\"\" width=\"50\" height=\"50\" \/> efoesz.tarnai@gmail.com<\/span><\/h4>\t\t\t\t\t\t\t\t<\/div>\n\t\t\t\t<\/div>\n\t\t\t\t\t<\/div>\n\t\t\t\t<\/div>\n\t\t<div class=\"elementor-element elementor-element-3ee04dd e-flex e-con-boxed e-con e-parent\" data-id=\"3ee04dd\" data-element_type=\"container\">\n\t\t\t\t\t<div class=\"e-con-inner\">\n\t\t\t\t<div class=\"elementor-element elementor-element-7e98edf elementor-widget elementor-widget-google_maps\" data-id=\"7e98edf\" data-element_type=\"widget\" data-widget_type=\"google_maps.default\">\n\t\t\t\t<div class=\"elementor-widget-container\">\n\t\t\t\t\t\t\t<div class=\"elementor-custom-embed\">\n\t\t\t<iframe loading=\"lazy\"\n\t\t\t\t\tsrc=\"https:\/\/maps.google.com\/maps?q=4400%20Ny%C3%ADregyh%C3%A1za%20B%C3%BAza%20t%C3%A9r%2020&#038;t=m&#038;z=13&#038;output=embed&#038;iwloc=near\"\n\t\t\t\t\ttitle=\"4400 Ny\u00edregyh\u00e1za B\u00faza t\u00e9r 20\"\n\t\t\t\t\taria-label=\"4400 Ny\u00edregyh\u00e1za B\u00faza t\u00e9r 20\"\n\t\t\t><\/iframe>\n\t\t<\/div>\n\t\t\t\t\t\t<\/div>\n\t\t\t\t<\/div>\n\t\t\t\t\t<\/div>\n\t\t\t\t<\/div>\n\t\t\t\t<\/div>\n\t\t","protected":false},"excerpt":{"rendered":"<p>\u00daJ \u00c9FO\u00c9SZ Tarnai Ott\u00f3 Egyes\u00fclet 4400 Ny\u00edregyh\u00e1za, \u00daj u. 29 2\/1 Eln\u00f6k: Tarnai Ott\u00f3n\u00e9 Titk\u00e1r: Maczurka Istv\u00e1nn\u00e9 Iroda: 4400 Ny\u00edregyh\u00e1za B\u00faza t\u00e9r 20. Fsz. 3. +3620 235 6033 efoesz.tarnai@gmail.com<\/p>\n","protected":false},"author":1,"featured_media":0,"parent":0,"menu_order":0,"comment_status":"closed","ping_status":"closed","template":"","meta":{"footnotes":""},"class_list":["post-132","page","type-page","status-publish","hentry"],"rttpg_featured_image_url":null,"rttpg_author":{"display_name":"admin","author_link":"https:\/\/efoesztarnai.hu\/?author=1"},"rttpg_comment":0,"rttpg_category":null,"rttpg_excerpt":"\u00daJ \u00c9FO\u00c9SZ Tarnai Ott\u00f3 Egyes\u00fclet 4400 Ny\u00edregyh\u00e1za, \u00daj u. 29 2\/1 Eln\u00f6k: Tarnai Ott\u00f3n\u00e9 Titk\u00e1r: Maczurka Istv\u00e1nn\u00e9 Iroda: 4400 Ny\u00edregyh\u00e1za B\u00faza t\u00e9r 20. Fsz. 3. +3620 235 6033 efoesz.tarnai@gmail.com","_links":{"self":[{"href":"https:\/\/efoesztarnai.hu\/index.php?rest_route=\/wp\/v2\/pages\/132","targetHints":{"allow":["GET"]}}],"collection":[{"href":"https:\/\/efoesztarnai.hu\/index.php?rest_route=\/wp\/v2\/pages"}],"about":[{"href":"https:\/\/efoesztarnai.hu\/index.php?rest_route=\/wp\/v2\/types\/page"}],"author":[{"embeddable":true,"href":"https:\/\/efoesztarnai.hu\/index.php?rest_route=\/wp\/v2\/users\/1"}],"replies":[{"embeddable":true,"href":"https:\/\/efoesztarnai.hu\/index.php?rest_route=%2Fwp%2Fv2%2Fcomments&post=132"}],"version-history":[{"count":7,"href":"https:\/\/efoesztarnai.hu\/index.php?rest_route=\/wp\/v2\/pages\/132\/revisions"}],"predecessor-version":[{"id":396,"href":"https:\/\/efoesztarnai.hu\/index.php?rest_route=\/wp\/v2\/pages\/132\/revisions\/396"}],"wp:attachment":[{"href":"https:\/\/efoesztarnai.hu\/index.php?rest_route=%2Fwp%2Fv2%2Fmedia&parent=132"}],"curies":[{"name":"wp","href":"https:\/\/api.w.org\/{rel}","templated":true}]}}