{"id":415,"date":"2023-11-05T18:10:31","date_gmt":"2023-11-05T18:10:31","guid":{"rendered":"https:\/\/efoesztarnai.hu\/?page_id=415"},"modified":"2023-11-05T18:23:36","modified_gmt":"2023-11-05T18:23:36","slug":"kozhasznusagi-jelentes","status":"publish","type":"page","link":"https:\/\/efoesztarnai.hu\/?page_id=415","title":{"rendered":"K\u00f6zhaszn\u00fas\u00e1gi jelent\u00e9s"},"content":{"rendered":"\t\t<div data-elementor-type=\"wp-page\" data-elementor-id=\"415\" class=\"elementor elementor-415\" data-elementor-post-type=\"page\">\n\t\t\t\t<div class=\"elementor-element elementor-element-ec74aed e-flex e-con-boxed e-con e-parent\" data-id=\"ec74aed\" data-element_type=\"container\">\n\t\t\t\t\t<div class=\"e-con-inner\">\n\t\t\t\t<div class=\"elementor-element elementor-element-d4138ce title_position_default title_hover_border_default title-default img_hover_animation_default readmore-btn-default-style grid-hover-overlay-type-always tpg-el-box-border-enable tpg-border-bottom-disable elementor-widget elementor-widget-tpg-grid-layout\" data-id=\"d4138ce\" data-element_type=\"widget\" data-widget_type=\"tpg-grid-layout.default\">\n\t\t\t\t<div class=\"elementor-widget-container\">\n\t\t\t\t\t\t\t<div class=\"rt-container-fluid rt-tpg-container tpg-el-main-wrapper clearfix grid-layout1-main \"\n\t\t\t id=\"rt-tpg-container-2080938579\"\n\t\t\t data-layout=\"grid-layout1\"\n\t\t\t data-grid-style=\"tpg-full-height\"\n\t\t\t data-sc-id=\"elementor\"\n\t\t\t data-el-settings=''\n\t\t\t data-el-query=''\n\t\t\t data-el-path=''\n\t\t>\n\n\t\t\t\t\t\t\t<div id=\"bottom-script-loader\" class=\"bottom-script-loader\">\n\t\t\t\t\t<div class=\"rt-ball-clip-rotate\">\n\t\t\t\t\t\t<div><\/div>\n\t\t\t\t\t<\/div>\n\t\t\t\t<\/div>\n\t\t\t\t\t\t\t<div class='tpg-header-wrapper '>\n\t\t\t\t\t\t\t<\/div>\n\n\t\t\t<div data-title=\"Loading ...\" class=\"rt-row rt-content-loader grid-layout1 grid-behaviour tpg-full-height grid_layout_wrapper\">\n\t\t\t\t<div class=\"rt-col-md-4 rt-col-sm-6 rt-col-xs-12 default rt-grid-item post-434 post type-post status-publish format-standard has-post-thumbnail hentry category-kjelentes\"\t\tdata-id=\"434\">\n\t<div class=\"rt-holder tpg-post-holder\">\n\t\t<div class=\"rt-detail rt-el-content-wrapper\">\n\t\t\t\t\t\t\t<div class=\"rt-img-holder tpg-el-image-wrap has-thumbnail\">\n\t\t\t\t\t<a data-id=\"434\" href=\"https:\/\/efoesztarnai.hu\/?p=434\" class=\"tpg-post-link\" target=\"_self\">                        <img decoding=\"async\" src=\"https:\/\/efoesztarnai.hu\/wp-content\/uploads\/2023\/11\/cimer.png\"\n                             class=\"rt-img-responsive\"\n                             width=\"150\"\n                             height=\"150\"\n                             alt=\"K\u00f6zhaszn\u00fas\u00e1gi jelent\u00e9s 2018\">\n\t\t\t\t\t\t\n\t\t\t\t\t\t\t\n\t\t<\/a>\n\t\t        <div class=\"overlay grid-hover-content\"><\/div>\n\t\t\t\t\t\t<\/div>\n\t\t\t\n\t\t\t<div class=\"entry-title-wrapper\"><h3 class=\"entry-title\"><a data-id=\"434\" href=\"https:\/\/efoesztarnai.hu\/?p=434\" class=\"tpg-post-link\" target=\"_self\">K\u00f6zhaszn\u00fas\u00e1gi jelent\u00e9s 2018<\/a><\/h3><\/div>\n\t\t\t\n\n\t\t\t\n\t\t\t        <div class=\"post-footer\">\n            <div class=\"post-footer\">\n                <div class=\"read-more\">\n\t\t\t\t\t<a data-id=\"434\" href=\"https:\/\/efoesztarnai.hu\/?p=434\" class=\"tpg-post-link\" target=\"_self\">Tov\u00e1bb olvasom<\/a>                <\/div>\n            <\/div>\n        <\/div>\n\t\t\t\t<\/div>\n\t<\/div>\n<\/div>\n<div class=\"rt-col-md-4 rt-col-sm-6 rt-col-xs-12 default rt-grid-item post-428 post type-post status-publish format-standard has-post-thumbnail hentry category-kjelentes\"\t\tdata-id=\"428\">\n\t<div class=\"rt-holder tpg-post-holder\">\n\t\t<div class=\"rt-detail rt-el-content-wrapper\">\n\t\t\t\t\t\t\t<div class=\"rt-img-holder tpg-el-image-wrap has-thumbnail\">\n\t\t\t\t\t<a data-id=\"428\" href=\"https:\/\/efoesztarnai.hu\/?p=428\" class=\"tpg-post-link\" target=\"_self\">                        <img decoding=\"async\" src=\"https:\/\/efoesztarnai.hu\/wp-content\/uploads\/2023\/11\/cimer.png\"\n                             class=\"rt-img-responsive\"\n                             width=\"150\"\n                             height=\"150\"\n                             alt=\"K\u00f6zhaszn\u00fas\u00e1gi jelent\u00e9s 2019\">\n\t\t\t\t\t\t\n\t\t\t\t\t\t\t\n\t\t<\/a>\n\t\t        <div class=\"overlay grid-hover-content\"><\/div>\n\t\t\t\t\t\t<\/div>\n\t\t\t\n\t\t\t<div class=\"entry-title-wrapper\"><h3 class=\"entry-title\"><a data-id=\"428\" href=\"https:\/\/efoesztarnai.hu\/?p=428\" class=\"tpg-post-link\" target=\"_self\">K\u00f6zhaszn\u00fas\u00e1gi jelent\u00e9s 2019<\/a><\/h3><\/div>\n\t\t\t\n\n\t\t\t\n\t\t\t        <div class=\"post-footer\">\n            <div class=\"post-footer\">\n                <div class=\"read-more\">\n\t\t\t\t\t<a data-id=\"428\" href=\"https:\/\/efoesztarnai.hu\/?p=428\" class=\"tpg-post-link\" target=\"_self\">Tov\u00e1bb olvasom<\/a>                <\/div>\n            <\/div>\n        <\/div>\n\t\t\t\t<\/div>\n\t<\/div>\n<\/div>\n<div class=\"rt-col-md-4 rt-col-sm-6 rt-col-xs-12 default rt-grid-item post-420 post type-post status-publish format-standard has-post-thumbnail hentry category-kjelentes\"\t\tdata-id=\"420\">\n\t<div class=\"rt-holder tpg-post-holder\">\n\t\t<div class=\"rt-detail rt-el-content-wrapper\">\n\t\t\t\t\t\t\t<div class=\"rt-img-holder tpg-el-image-wrap has-thumbnail\">\n\t\t\t\t\t<a data-id=\"420\" href=\"https:\/\/efoesztarnai.hu\/?p=420\" class=\"tpg-post-link\" target=\"_self\">                        <img decoding=\"async\" src=\"https:\/\/efoesztarnai.hu\/wp-content\/uploads\/2023\/11\/cimer.png\"\n                             class=\"rt-img-responsive\"\n                             width=\"150\"\n                             height=\"150\"\n                             alt=\"K\u00f6zhaszn\u00fas\u00e1gi jelent\u00e9s 2020\">\n\t\t\t\t\t\t\n\t\t\t\t\t\t\t\n\t\t<\/a>\n\t\t        <div class=\"overlay grid-hover-content\"><\/div>\n\t\t\t\t\t\t<\/div>\n\t\t\t\n\t\t\t<div class=\"entry-title-wrapper\"><h3 class=\"entry-title\"><a data-id=\"420\" href=\"https:\/\/efoesztarnai.hu\/?p=420\" class=\"tpg-post-link\" target=\"_self\">K\u00f6zhaszn\u00fas\u00e1gi jelent\u00e9s 2020<\/a><\/h3><\/div>\n\t\t\t\n\n\t\t\t\n\t\t\t        <div class=\"post-footer\">\n            <div class=\"post-footer\">\n                <div class=\"read-more\">\n\t\t\t\t\t<a data-id=\"420\" href=\"https:\/\/efoesztarnai.hu\/?p=420\" class=\"tpg-post-link\" target=\"_self\">Tov\u00e1bb olvasom<\/a>                <\/div>\n            <\/div>\n        <\/div>\n\t\t\t\t<\/div>\n\t<\/div>\n<\/div>\n\t\t\t<\/div>\n\t\t\t\n\t\t<\/div>\n\t\t\t\t\t\t<\/div>\n\t\t\t\t<\/div>\n\t\t\t\t\t<\/div>\n\t\t\t\t<\/div>\n\t\t\t\t<\/div>\n\t\t","protected":false},"excerpt":{"rendered":"<p>K\u00f6zhaszn\u00fas\u00e1gi jelent\u00e9s 2018 Tov\u00e1bb olvasom K\u00f6zhaszn\u00fas\u00e1gi jelent\u00e9s 2019 Tov\u00e1bb olvasom K\u00f6zhaszn\u00fas\u00e1gi jelent\u00e9s 2020 Tov\u00e1bb olvasom<\/p>\n","protected":false},"author":1,"featured_media":0,"parent":0,"menu_order":0,"comment_status":"closed","ping_status":"closed","template":"","meta":{"footnotes":""},"class_list":["post-415","page","type-page","status-publish","hentry"],"rttpg_featured_image_url":null,"rttpg_author":{"display_name":"admin","author_link":"https:\/\/efoesztarnai.hu\/?author=1"},"rttpg_comment":0,"rttpg_category":"","rttpg_excerpt":"K\u00f6zhaszn\u00fas\u00e1gi jelent\u00e9s 2018 Tov\u00e1bb olvasom K\u00f6zhaszn\u00fas\u00e1gi jelent\u00e9s 2019 Tov\u00e1bb olvasom K\u00f6zhaszn\u00fas\u00e1gi jelent\u00e9s 2020 Tov\u00e1bb olvasom","_links":{"self":[{"href":"https:\/\/efoesztarnai.hu\/index.php?rest_route=\/wp\/v2\/pages\/415","targetHints":{"allow":["GET"]}}],"collection":[{"href":"https:\/\/efoesztarnai.hu\/index.php?rest_route=\/wp\/v2\/pages"}],"about":[{"href":"https:\/\/efoesztarnai.hu\/index.php?rest_route=\/wp\/v2\/types\/page"}],"author":[{"embeddable":true,"href":"https:\/\/efoesztarnai.hu\/index.php?rest_route=\/wp\/v2\/users\/1"}],"replies":[{"embeddable":true,"href":"https:\/\/efoesztarnai.hu\/index.php?rest_route=%2Fwp%2Fv2%2Fcomments&post=415"}],"version-history":[{"count":10,"href":"https:\/\/efoesztarnai.hu\/index.php?rest_route=\/wp\/v2\/pages\/415\/revisions"}],"predecessor-version":[{"id":445,"href":"https:\/\/efoesztarnai.hu\/index.php?rest_route=\/wp\/v2\/pages\/415\/revisions\/445"}],"wp:attachment":[{"href":"https:\/\/efoesztarnai.hu\/index.php?rest_route=%2Fwp%2Fv2%2Fmedia&parent=415"}],"curies":[{"name":"wp","href":"https:\/\/api.w.org\/{rel}","templated":true}]}}