{"id":615,"date":"2024-01-31T09:12:21","date_gmt":"2024-01-31T09:12:21","guid":{"rendered":"https:\/\/efoesztarnai.hu\/?page_id=615"},"modified":"2024-02-02T08:51:58","modified_gmt":"2024-02-02T08:51:58","slug":"tarnai-tanoda","status":"publish","type":"page","link":"https:\/\/efoesztarnai.hu\/?page_id=615","title":{"rendered":"Tarnai Tanoda"},"content":{"rendered":"\t\t<div data-elementor-type=\"wp-page\" data-elementor-id=\"615\" class=\"elementor elementor-615\" data-elementor-post-type=\"page\">\n\t\t\t\t<div class=\"elementor-element elementor-element-906e957 e-flex e-con-boxed e-con e-parent\" data-id=\"906e957\" data-element_type=\"container\">\n\t\t\t\t\t<div class=\"e-con-inner\">\n\t\t\t\t<div class=\"elementor-element elementor-element-aec509d tpg-wrapper-align-center title_position_default title_hover_border_default title-default img_hover_animation_default readmore-btn-default-style grid-hover-overlay-type-always tpg-el-box-border-enable tpg-border-bottom-disable elementor-widget elementor-widget-tpg-grid-layout\" data-id=\"aec509d\" data-element_type=\"widget\" data-widget_type=\"tpg-grid-layout.default\">\n\t\t\t\t<div class=\"elementor-widget-container\">\n\t\t\t\t\t\t\t<div class=\"rt-container-fluid rt-tpg-container tpg-el-main-wrapper clearfix grid-layout1-main \"\n\t\t\t id=\"rt-tpg-container-44894058\"\n\t\t\t data-layout=\"grid-layout1\"\n\t\t\t data-grid-style=\"tpg-full-height\"\n\t\t\t data-sc-id=\"elementor\"\n\t\t\t data-el-settings=''\n\t\t\t data-el-query=''\n\t\t\t data-el-path=''\n\t\t>\n\n\t\t\t\t\t\t\t<div id=\"bottom-script-loader\" class=\"bottom-script-loader\">\n\t\t\t\t\t<div class=\"rt-ball-clip-rotate\">\n\t\t\t\t\t\t<div><\/div>\n\t\t\t\t\t<\/div>\n\t\t\t\t<\/div>\n\t\t\t\t\t\t\t<div class='tpg-header-wrapper '>\n\t\t\t\t\t\t\t<\/div>\n\n\t\t\t<div data-title=\"Loading ...\" class=\"rt-row rt-content-loader grid-layout1 grid-behaviour tpg-full-height grid_layout_wrapper\">\n\t\t\t\t<div class=\"rt-col-md-4 rt-col-sm-6 rt-col-xs-12 default rt-grid-item post-1359 post type-post status-publish format-standard has-post-thumbnail hentry category-tanoda_hirek\"\t\tdata-id=\"1359\">\n\t<div class=\"rt-holder tpg-post-holder\">\n\t\t<div class=\"rt-detail rt-el-content-wrapper\">\n\t\t\t\t\t\t\t<div class=\"rt-img-holder tpg-el-image-wrap has-thumbnail\">\n\t\t\t\t\t<a data-id=\"1359\" href=\"https:\/\/efoesztarnai.hu\/?p=1359\" class=\"tpg-post-link\" target=\"_self\">                        <img fetchpriority=\"high\" decoding=\"async\" src=\"https:\/\/efoesztarnai.hu\/wp-content\/uploads\/2026\/01\/1000011982-768x576.jpg\"\n                             class=\"rt-img-responsive\"\n                             width=\"768\"\n                             height=\"576\"\n                             alt=\"Csal\u00e1di nap a kar\u00e1csony jegy\u00e9ben\">\n\t\t\t\t\t\t\n\t\t\t\t\t\t\t\n\t\t<\/a>\n\t\t        <div class=\"overlay grid-hover-content\"><\/div>\n\t\t\t\t\t\t<\/div>\n\t\t\t\n\t\t\t<div class=\"entry-title-wrapper\"><h3 class=\"entry-title\"><a data-id=\"1359\" href=\"https:\/\/efoesztarnai.hu\/?p=1359\" class=\"tpg-post-link\" target=\"_self\">Csal\u00e1di nap a kar\u00e1csony jegy\u00e9ben<\/a><\/h3><\/div>\n\t\t\t\n\n\t\t\t\n\t\t\t        <div class=\"post-footer\">\n            <div class=\"post-footer\">\n                <div class=\"read-more\">\n\t\t\t\t\t<a data-id=\"1359\" href=\"https:\/\/efoesztarnai.hu\/?p=1359\" class=\"tpg-post-link\" target=\"_self\">Tov\u00e1bb olvasom<\/a>                <\/div>\n            <\/div>\n        <\/div>\n\t\t\t\t<\/div>\n\t<\/div>\n<\/div>\n<div class=\"rt-col-md-4 rt-col-sm-6 rt-col-xs-12 default rt-grid-item post-1343 post type-post status-publish format-standard has-post-thumbnail hentry category-tanoda_hirek\"\t\tdata-id=\"1343\">\n\t<div class=\"rt-holder tpg-post-holder\">\n\t\t<div class=\"rt-detail rt-el-content-wrapper\">\n\t\t\t\t\t\t\t<div class=\"rt-img-holder tpg-el-image-wrap has-thumbnail\">\n\t\t\t\t\t<a data-id=\"1343\" href=\"https:\/\/efoesztarnai.hu\/?p=1343\" class=\"tpg-post-link\" target=\"_self\">                        <img decoding=\"async\" src=\"https:\/\/efoesztarnai.hu\/wp-content\/uploads\/2025\/11\/577313343_1246898740809938_2967538288048922755_n.jpg\"\n                             class=\"rt-img-responsive\"\n                             width=\"526\"\n                             height=\"526\"\n                             alt=\"Utaz\u00e1si kedvezm\u00e9nyek fogyat\u00e9koss\u00e1ggal \u00e9l\u0151 szem\u00e9lyek \u00e9s csal\u00e1dtagjaik sz\u00e1m\u00e1ra\">\n\t\t\t\t\t\t\n\t\t\t\t\t\t\t\n\t\t<\/a>\n\t\t        <div class=\"overlay grid-hover-content\"><\/div>\n\t\t\t\t\t\t<\/div>\n\t\t\t\n\t\t\t<div class=\"entry-title-wrapper\"><h3 class=\"entry-title\"><a data-id=\"1343\" href=\"https:\/\/efoesztarnai.hu\/?p=1343\" class=\"tpg-post-link\" target=\"_self\">Utaz\u00e1si kedvezm\u00e9nyek fogyat\u00e9koss\u00e1ggal \u00e9l\u0151 szem\u00e9lyek \u00e9s csal\u00e1dtagjaik sz\u00e1m\u00e1ra<\/a><\/h3><\/div>\n\t\t\t\n\n\t\t\t\n\t\t\t        <div class=\"post-footer\">\n            <div class=\"post-footer\">\n                <div class=\"read-more\">\n\t\t\t\t\t<a data-id=\"1343\" href=\"https:\/\/efoesztarnai.hu\/?p=1343\" class=\"tpg-post-link\" target=\"_self\">Tov\u00e1bb olvasom<\/a>                <\/div>\n            <\/div>\n        <\/div>\n\t\t\t\t<\/div>\n\t<\/div>\n<\/div>\n<div class=\"rt-col-md-4 rt-col-sm-6 rt-col-xs-12 default rt-grid-item post-1327 post type-post status-publish format-standard has-post-thumbnail hentry category-tanoda_hirek\"\t\tdata-id=\"1327\">\n\t<div class=\"rt-holder tpg-post-holder\">\n\t\t<div class=\"rt-detail rt-el-content-wrapper\">\n\t\t\t\t\t\t\t<div class=\"rt-img-holder tpg-el-image-wrap has-thumbnail\">\n\t\t\t\t\t<a data-id=\"1327\" href=\"https:\/\/efoesztarnai.hu\/?p=1327\" class=\"tpg-post-link\" target=\"_self\">                        <img decoding=\"async\" src=\"https:\/\/efoesztarnai.hu\/wp-content\/uploads\/2025\/11\/efb0d22e-7525-4b59-915f-ef4b4488d078-1_all_28032-1-768x768.jpg\"\n                             class=\"rt-img-responsive\"\n                             width=\"768\"\n                             height=\"768\"\n                             alt=\"A Richter Fl\u00f3ri\u00e1n cirkusz 10 \u00e9ves jubileumi m\u0171sora\">\n\t\t\t\t\t\t\n\t\t\t\t\t\t\t\n\t\t<\/a>\n\t\t        <div class=\"overlay grid-hover-content\"><\/div>\n\t\t\t\t\t\t<\/div>\n\t\t\t\n\t\t\t<div class=\"entry-title-wrapper\"><h3 class=\"entry-title\"><a data-id=\"1327\" href=\"https:\/\/efoesztarnai.hu\/?p=1327\" class=\"tpg-post-link\" target=\"_self\">A Richter Fl\u00f3ri\u00e1n cirkusz 10 \u00e9ves jubileumi m\u0171sora<\/a><\/h3><\/div>\n\t\t\t\n\n\t\t\t\n\t\t\t        <div class=\"post-footer\">\n            <div class=\"post-footer\">\n                <div class=\"read-more\">\n\t\t\t\t\t<a data-id=\"1327\" href=\"https:\/\/efoesztarnai.hu\/?p=1327\" class=\"tpg-post-link\" target=\"_self\">Tov\u00e1bb olvasom<\/a>                <\/div>\n            <\/div>\n        <\/div>\n\t\t\t\t<\/div>\n\t<\/div>\n<\/div>\n<div class=\"rt-col-md-4 rt-col-sm-6 rt-col-xs-12 default rt-grid-item post-1312 post type-post status-publish format-standard has-post-thumbnail hentry category-tanoda_hirek\"\t\tdata-id=\"1312\">\n\t<div class=\"rt-holder tpg-post-holder\">\n\t\t<div class=\"rt-detail rt-el-content-wrapper\">\n\t\t\t\t\t\t\t<div class=\"rt-img-holder tpg-el-image-wrap has-thumbnail\">\n\t\t\t\t\t<a data-id=\"1312\" href=\"https:\/\/efoesztarnai.hu\/?p=1312\" class=\"tpg-post-link\" target=\"_self\">                        <img loading=\"lazy\" decoding=\"async\" src=\"https:\/\/efoesztarnai.hu\/wp-content\/uploads\/2025\/11\/1000011231-768x1024.jpg\"\n                             class=\"rt-img-responsive\"\n                             width=\"768\"\n                             height=\"1024\"\n                             alt=\"Csal\u00e1di nap-Kir\u00e1ndul\u00e1s Debrecenbe\">\n\t\t\t\t\t\t\n\t\t\t\t\t\t\t\n\t\t<\/a>\n\t\t        <div class=\"overlay grid-hover-content\"><\/div>\n\t\t\t\t\t\t<\/div>\n\t\t\t\n\t\t\t<div class=\"entry-title-wrapper\"><h3 class=\"entry-title\"><a data-id=\"1312\" href=\"https:\/\/efoesztarnai.hu\/?p=1312\" class=\"tpg-post-link\" target=\"_self\">Csal\u00e1di nap-Kir\u00e1ndul\u00e1s Debrecenbe<\/a><\/h3><\/div>\n\t\t\t\n\n\t\t\t\n\t\t\t        <div class=\"post-footer\">\n            <div class=\"post-footer\">\n                <div class=\"read-more\">\n\t\t\t\t\t<a data-id=\"1312\" href=\"https:\/\/efoesztarnai.hu\/?p=1312\" class=\"tpg-post-link\" target=\"_self\">Tov\u00e1bb olvasom<\/a>                <\/div>\n            <\/div>\n        <\/div>\n\t\t\t\t<\/div>\n\t<\/div>\n<\/div>\n<div class=\"rt-col-md-4 rt-col-sm-6 rt-col-xs-12 default rt-grid-item post-1302 post type-post status-publish format-standard has-post-thumbnail hentry category-tanoda_hirek\"\t\tdata-id=\"1302\">\n\t<div class=\"rt-holder tpg-post-holder\">\n\t\t<div class=\"rt-detail rt-el-content-wrapper\">\n\t\t\t\t\t\t\t<div class=\"rt-img-holder tpg-el-image-wrap has-thumbnail\">\n\t\t\t\t\t<a data-id=\"1302\" href=\"https:\/\/efoesztarnai.hu\/?p=1302\" class=\"tpg-post-link\" target=\"_self\">                        <img loading=\"lazy\" decoding=\"async\" src=\"https:\/\/efoesztarnai.hu\/wp-content\/uploads\/2025\/11\/nezok-3-768x576.jpg\"\n                             class=\"rt-img-responsive\"\n                             width=\"768\"\n                             height=\"576\"\n                             alt=\"A Magyar N\u00e9pmese Napja\">\n\t\t\t\t\t\t\n\t\t\t\t\t\t\t\n\t\t<\/a>\n\t\t        <div class=\"overlay grid-hover-content\"><\/div>\n\t\t\t\t\t\t<\/div>\n\t\t\t\n\t\t\t<div class=\"entry-title-wrapper\"><h3 class=\"entry-title\"><a data-id=\"1302\" href=\"https:\/\/efoesztarnai.hu\/?p=1302\" class=\"tpg-post-link\" target=\"_self\">A Magyar N\u00e9pmese Napja<\/a><\/h3><\/div>\n\t\t\t\n\n\t\t\t\n\t\t\t        <div class=\"post-footer\">\n            <div class=\"post-footer\">\n                <div class=\"read-more\">\n\t\t\t\t\t<a data-id=\"1302\" href=\"https:\/\/efoesztarnai.hu\/?p=1302\" class=\"tpg-post-link\" target=\"_self\">Tov\u00e1bb olvasom<\/a>                <\/div>\n            <\/div>\n        <\/div>\n\t\t\t\t<\/div>\n\t<\/div>\n<\/div>\n<div class=\"rt-col-md-4 rt-col-sm-6 rt-col-xs-12 default rt-grid-item post-1291 post type-post status-publish format-standard has-post-thumbnail hentry category-tanoda_hirek\"\t\tdata-id=\"1291\">\n\t<div class=\"rt-holder tpg-post-holder\">\n\t\t<div class=\"rt-detail rt-el-content-wrapper\">\n\t\t\t\t\t\t\t<div class=\"rt-img-holder tpg-el-image-wrap has-thumbnail\">\n\t\t\t\t\t<a data-id=\"1291\" href=\"https:\/\/efoesztarnai.hu\/?p=1291\" class=\"tpg-post-link\" target=\"_self\">                        <img loading=\"lazy\" decoding=\"async\" src=\"https:\/\/efoesztarnai.hu\/wp-content\/uploads\/2025\/11\/1000012041-1-768x768.jpg\"\n                             class=\"rt-img-responsive\"\n                             width=\"768\"\n                             height=\"768\"\n                             alt=\"Ker\u00e9kp\u00e1ros \u00fcgyess\u00e9gi verseny a Tanod\u00e1ban\">\n\t\t\t\t\t\t\n\t\t\t\t\t\t\t\n\t\t<\/a>\n\t\t        <div class=\"overlay grid-hover-content\"><\/div>\n\t\t\t\t\t\t<\/div>\n\t\t\t\n\t\t\t<div class=\"entry-title-wrapper\"><h3 class=\"entry-title\"><a data-id=\"1291\" href=\"https:\/\/efoesztarnai.hu\/?p=1291\" class=\"tpg-post-link\" target=\"_self\">Ker\u00e9kp\u00e1ros \u00fcgyess\u00e9gi verseny a Tanod\u00e1ban<\/a><\/h3><\/div>\n\t\t\t\n\n\t\t\t\n\t\t\t        <div class=\"post-footer\">\n            <div class=\"post-footer\">\n                <div class=\"read-more\">\n\t\t\t\t\t<a data-id=\"1291\" href=\"https:\/\/efoesztarnai.hu\/?p=1291\" class=\"tpg-post-link\" target=\"_self\">Tov\u00e1bb olvasom<\/a>                <\/div>\n            <\/div>\n        <\/div>\n\t\t\t\t<\/div>\n\t<\/div>\n<\/div>\n<div class=\"rt-col-md-4 rt-col-sm-6 rt-col-xs-12 default rt-grid-item post-1282 post type-post status-publish format-standard has-post-thumbnail hentry category-tanoda_hirek\"\t\tdata-id=\"1282\">\n\t<div class=\"rt-holder tpg-post-holder\">\n\t\t<div class=\"rt-detail rt-el-content-wrapper\">\n\t\t\t\t\t\t\t<div class=\"rt-img-holder tpg-el-image-wrap has-thumbnail\">\n\t\t\t\t\t<a data-id=\"1282\" href=\"https:\/\/efoesztarnai.hu\/?p=1282\" class=\"tpg-post-link\" target=\"_self\">                        <img loading=\"lazy\" decoding=\"async\" src=\"https:\/\/efoesztarnai.hu\/wp-content\/uploads\/2025\/11\/IMG_20251030_090815-768x576.jpg\"\n                             class=\"rt-img-responsive\"\n                             width=\"768\"\n                             height=\"576\"\n                             alt=\"Ker\u00e9kp\u00e1rt\u00far\u00e1n a tanod\u00e1sok\">\n\t\t\t\t\t\t\n\t\t\t\t\t\t\t\n\t\t<\/a>\n\t\t        <div class=\"overlay grid-hover-content\"><\/div>\n\t\t\t\t\t\t<\/div>\n\t\t\t\n\t\t\t<div class=\"entry-title-wrapper\"><h3 class=\"entry-title\"><a data-id=\"1282\" href=\"https:\/\/efoesztarnai.hu\/?p=1282\" class=\"tpg-post-link\" target=\"_self\">Ker\u00e9kp\u00e1rt\u00far\u00e1n a tanod\u00e1sok<\/a><\/h3><\/div>\n\t\t\t\n\n\t\t\t\n\t\t\t        <div class=\"post-footer\">\n            <div class=\"post-footer\">\n                <div class=\"read-more\">\n\t\t\t\t\t<a data-id=\"1282\" href=\"https:\/\/efoesztarnai.hu\/?p=1282\" class=\"tpg-post-link\" target=\"_self\">Tov\u00e1bb olvasom<\/a>                <\/div>\n            <\/div>\n        <\/div>\n\t\t\t\t<\/div>\n\t<\/div>\n<\/div>\n<div class=\"rt-col-md-4 rt-col-sm-6 rt-col-xs-12 default rt-grid-item post-1271 post type-post status-publish format-standard has-post-thumbnail hentry category-tanoda_hirek\"\t\tdata-id=\"1271\">\n\t<div class=\"rt-holder tpg-post-holder\">\n\t\t<div class=\"rt-detail rt-el-content-wrapper\">\n\t\t\t\t\t\t\t<div class=\"rt-img-holder tpg-el-image-wrap has-thumbnail\">\n\t\t\t\t\t<a data-id=\"1271\" href=\"https:\/\/efoesztarnai.hu\/?p=1271\" class=\"tpg-post-link\" target=\"_self\">                        <img loading=\"lazy\" decoding=\"async\" src=\"https:\/\/efoesztarnai.hu\/wp-content\/uploads\/2025\/09\/IMG_20250702_094044-768x576.jpg\"\n                             class=\"rt-img-responsive\"\n                             width=\"768\"\n                             height=\"576\"\n                             alt=\"Ny\u00e1ri sportnap\">\n\t\t\t\t\t\t\n\t\t\t\t\t\t\t\n\t\t<\/a>\n\t\t        <div class=\"overlay grid-hover-content\"><\/div>\n\t\t\t\t\t\t<\/div>\n\t\t\t\n\t\t\t<div class=\"entry-title-wrapper\"><h3 class=\"entry-title\"><a data-id=\"1271\" href=\"https:\/\/efoesztarnai.hu\/?p=1271\" class=\"tpg-post-link\" target=\"_self\">Ny\u00e1ri sportnap<\/a><\/h3><\/div>\n\t\t\t\n\n\t\t\t\n\t\t\t        <div class=\"post-footer\">\n            <div class=\"post-footer\">\n                <div class=\"read-more\">\n\t\t\t\t\t<a data-id=\"1271\" href=\"https:\/\/efoesztarnai.hu\/?p=1271\" class=\"tpg-post-link\" target=\"_self\">Tov\u00e1bb olvasom<\/a>                <\/div>\n            <\/div>\n        <\/div>\n\t\t\t\t<\/div>\n\t<\/div>\n<\/div>\n<div class=\"rt-col-md-4 rt-col-sm-6 rt-col-xs-12 default rt-grid-item post-1259 post type-post status-publish format-standard has-post-thumbnail hentry category-tanoda_hirek\"\t\tdata-id=\"1259\">\n\t<div class=\"rt-holder tpg-post-holder\">\n\t\t<div class=\"rt-detail rt-el-content-wrapper\">\n\t\t\t\t\t\t\t<div class=\"rt-img-holder tpg-el-image-wrap has-thumbnail\">\n\t\t\t\t\t<a data-id=\"1259\" href=\"https:\/\/efoesztarnai.hu\/?p=1259\" class=\"tpg-post-link\" target=\"_self\">                        <img loading=\"lazy\" decoding=\"async\" src=\"https:\/\/efoesztarnai.hu\/wp-content\/uploads\/2025\/09\/Tanoda-Olimpia-2025.jpg\"\n                             class=\"rt-img-responsive\"\n                             width=\"600\"\n                             height=\"600\"\n                             alt=\"Tanoda Olimpia\">\n\t\t\t\t\t\t\n\t\t\t\t\t\t\t\n\t\t<\/a>\n\t\t        <div class=\"overlay grid-hover-content\"><\/div>\n\t\t\t\t\t\t<\/div>\n\t\t\t\n\t\t\t<div class=\"entry-title-wrapper\"><h3 class=\"entry-title\"><a data-id=\"1259\" href=\"https:\/\/efoesztarnai.hu\/?p=1259\" class=\"tpg-post-link\" target=\"_self\">Tanoda Olimpia<\/a><\/h3><\/div>\n\t\t\t\n\n\t\t\t\n\t\t\t        <div class=\"post-footer\">\n            <div class=\"post-footer\">\n                <div class=\"read-more\">\n\t\t\t\t\t<a data-id=\"1259\" href=\"https:\/\/efoesztarnai.hu\/?p=1259\" class=\"tpg-post-link\" target=\"_self\">Tov\u00e1bb olvasom<\/a>                <\/div>\n            <\/div>\n        <\/div>\n\t\t\t\t<\/div>\n\t<\/div>\n<\/div>\n\t\t\t<\/div>\n\t\t\t\n\t\t<\/div>\n\t\t\t\t\t\t<\/div>\n\t\t\t\t<\/div>\n\t\t\t\t\t<\/div>\n\t\t\t\t<\/div>\n\t\t\t\t<\/div>\n\t\t","protected":false},"excerpt":{"rendered":"<p>Csal\u00e1di nap a budapesti \u00c1llatkertben Tov\u00e1bb olvasom<\/p>\n","protected":false},"author":1,"featured_media":0,"parent":0,"menu_order":0,"comment_status":"closed","ping_status":"closed","template":"","meta":{"footnotes":""},"class_list":["post-615","page","type-page","status-publish","hentry"],"rttpg_featured_image_url":null,"rttpg_author":{"display_name":"admin","author_link":"https:\/\/efoesztarnai.hu\/?author=1"},"rttpg_comment":0,"rttpg_category":"","rttpg_excerpt":"Csal\u00e1di nap a budapesti \u00c1llatkertben Tov\u00e1bb olvasom","_links":{"self":[{"href":"https:\/\/efoesztarnai.hu\/index.php?rest_route=\/wp\/v2\/pages\/615","targetHints":{"allow":["GET"]}}],"collection":[{"href":"https:\/\/efoesztarnai.hu\/index.php?rest_route=\/wp\/v2\/pages"}],"about":[{"href":"https:\/\/efoesztarnai.hu\/index.php?rest_route=\/wp\/v2\/types\/page"}],"author":[{"embeddable":true,"href":"https:\/\/efoesztarnai.hu\/index.php?rest_route=\/wp\/v2\/users\/1"}],"replies":[{"embeddable":true,"href":"https:\/\/efoesztarnai.hu\/index.php?rest_route=%2Fwp%2Fv2%2Fcomments&post=615"}],"version-history":[{"count":58,"href":"https:\/\/efoesztarnai.hu\/index.php?rest_route=\/wp\/v2\/pages\/615\/revisions"}],"predecessor-version":[{"id":764,"href":"https:\/\/efoesztarnai.hu\/index.php?rest_route=\/wp\/v2\/pages\/615\/revisions\/764"}],"wp:attachment":[{"href":"https:\/\/efoesztarnai.hu\/index.php?rest_route=%2Fwp%2Fv2%2Fmedia&parent=615"}],"curies":[{"name":"wp","href":"https:\/\/api.w.org\/{rel}","templated":true}]}}